{"id":8,"date":"2020-12-31T14:39:02","date_gmt":"2020-12-31T14:39:02","guid":{"rendered":"https:\/\/yvettemoorlag.ch\/familiencoaching\/?page_id=8"},"modified":"2021-03-17T15:15:07","modified_gmt":"2021-03-17T15:15:07","slug":"willkommen","status":"publish","type":"page","link":"https:\/\/yvettemoorlag.ch\/familiencoaching\/","title":{"rendered":"Willkommen"},"content":{"rendered":"\n<p>Ideal ist, wenn die sozialen Beziehungen innerhalb der Familie unbelastet sind. Diese Situation ist jedoch nicht immer gegeben, denn trotz aller Sympathie und Liebe f\u00fcreinander k\u00f6nnen Konflikte aus den unterschiedlichsten Gr\u00fcnden entstehen. Das ist ganz nat\u00fcrlich, denn Menschen sind nicht daf\u00fcr geschaffen, ausschliesslich konfliktfrei und gl\u00fccklich miteinander zu leben. Genau an diesem Punkt setzt das Familiencoaching von Yvette Moorlag an.<\/p>\n\n\n\n<h3 class=\"wp-block-heading\">Familiencoaching legt Konflikte offen<\/h3>\n\n\n\n<p>Viele Menschen erfahren Konflikte innerhalb des Familienverbundes. Das Ausmass kann ganz unterschiedlich sein. Konflikte, die aus typischen Alltagssituationen heraus entstehen und daher weniger kompliziert sind, k\u00f6nnen genauso f\u00fcr Missverst\u00e4ndnisse und Ver\u00e4rgerung sorgen, wie ungel\u00f6ste Probleme, die sich manchmal sogar von einer Generation auf die n\u00e4chste \u00fcbertragen. H\u00e4ufig sind Konflikte zwischen Eltern und Kindern sowie zwischen Geschwistern. Genauso oft f\u00e4hrt sich die Situation fest, da alle Beteiligten diese ausschliesslich aus ihrem subjektiven Empfinden heraus beurteilen. Hinzu kommen vielleicht noch verletzte Gef\u00fchle und Kr\u00e4nkungen. Die damit verbundenen starken Emotionen verhindern konstruktive Kritik verbunden mit dem Willen, diese unerfreuliche Situation zum Wohl aller zu l\u00f6sen. Ein Familiencoaching kann dabei behilflich sein, die Familienmitglieder wieder auf einen Nenner zu bringen.<\/p>\n\n\n\n<h3 class=\"wp-block-heading\">Familiencoaching: Lernen Sie die Bed\u00fcrfnisse der anderen besser kennen<\/h3>\n\n\n\n<p>Der Blick \u00fcber den sprichw\u00f6rtlichen Tellerrand ist nicht mehr m\u00f6glich. F\u00fcr weitere Schwierigkeiten sorgen fehlende beziehungsweise missverst\u00e4ndliche verbale und nonverbale Kommunikationsstrukturen. Alle Beteiligten dieser Konfliktsituation haben jetzt die F\u00e4higkeit, die Dinge neutral zu beurteilen, verloren. An diesem Punkt setzt das Familiencoaching von Yvette Moorlag an. Jedes Familienmitglied hat die Gelegenheit, sich auf neutralem Boden zu pr\u00e4sentieren und seine Sicht der Dinge darzustellen. Als Coach kommt Yvette Moorlag die Aufgabe zu, dieses Gespr\u00e4ch im Rahmen des Famliencoachings zu moderieren, sodass jeder die M\u00f6glichkeit hat, ohne Unterbrechung zu Wort zu kommen. Wichtig ist, dass alle Beteiligten bereit sind, sich auf dieses Familiencoaching einzulassen. W\u00e4hrend Erwachsene im Laufe des Lebens aus den unterschiedlichsten Gr\u00fcnden eine klare Kommunikation und das Zulassen von Gef\u00fchlen in Konfliktsituationen verlernt haben, sind Kinder h\u00e4ufig nicht in der Lage, ihre diffuse Gef\u00fchlswelt in Worte zu fassen und den Erwachsenen begreiflich zu machen, worunter sie gerade leiden.<\/p>\n\n\n\n<h3 class=\"wp-block-heading\">Familiencoaching sucht nach Gemeinsamkeiten<\/h3>\n\n\n\n<p>Das Familiencoaching von Yvette Moorlag bereitet den Beteiligten eine mentale B\u00fchne, auf der jedes Familienmitglied seine Sorgen, \u00c4ngste, Hoffnungen und W\u00fcnsche darlegen kann. Gleichzeitig bekommt jeder die Gelegenheit zur konstruktiven Kritik, indem auch die Gr\u00fcnde angesprochen werden, die zu der jeweiligen Krisensituation gef\u00fchrt haben. Jedes Familienmitglied wird daher aufgefordert, die Ursache f\u00fcr Wut, Entt\u00e4uschung und verletzte Gef\u00fchle offenzulegen. Durch das Familiencoaching bekommen die Beteiligten die M\u00f6glichkeit, das Schweigen zu brechen und die Bed\u00fcrfnisse der \u00fcbrigen Familienmitglieder besser kennenzulernen. Dabei sucht Yvette Moorlag immer nach Gemeinsamkeiten, die einen guten Ausgangspunkt f\u00fcr einen kl\u00e4renden Dialog ohne Vorw\u00fcrfe bieten.<\/p>\n\n\n\n<p><\/p>\n","protected":false},"excerpt":{"rendered":"<p>Ideal ist, wenn die sozialen Beziehungen innerhalb der Familie unbelastet sind. Diese Situation ist jedoch nicht immer gegeben, denn trotz aller Sympathie und Liebe f\u00fcreinander k\u00f6nnen Konflikte aus den unterschiedlichsten Gr\u00fcnden entstehen. Das ist ganz nat\u00fcrlich, denn Menschen sind nicht daf\u00fcr geschaffen, ausschliesslich konfliktfrei und gl\u00fccklich miteinander zu leben. Genau an diesem Punkt setzt das &hellip; <\/p>\n<p class=\"link-more\"><a href=\"https:\/\/yvettemoorlag.ch\/familiencoaching\/\" class=\"more-link\"><span class=\"screen-reader-text\">\u201eWillkommen\u201c<\/span> weiterlesen<\/a><\/p>\n","protected":false},"author":1,"featured_media":0,"parent":0,"menu_order":0,"comment_status":"closed","ping_status":"closed","template":"","meta":{"footnotes":""},"class_list":["post-8","page","type-page","status-publish","hentry"],"_links":{"self":[{"href":"https:\/\/yvettemoorlag.ch\/familiencoaching\/index.php?rest_route=\/wp\/v2\/pages\/8","targetHints":{"allow":["GET"]}}],"collection":[{"href":"https:\/\/yvettemoorlag.ch\/familiencoaching\/index.php?rest_route=\/wp\/v2\/pages"}],"about":[{"href":"https:\/\/yvettemoorlag.ch\/familiencoaching\/index.php?rest_route=\/wp\/v2\/types\/page"}],"author":[{"embeddable":true,"href":"https:\/\/yvettemoorlag.ch\/familiencoaching\/index.php?rest_route=\/wp\/v2\/users\/1"}],"replies":[{"embeddable":true,"href":"https:\/\/yvettemoorlag.ch\/familiencoaching\/index.php?rest_route=%2Fwp%2Fv2%2Fcomments&post=8"}],"version-history":[{"count":4,"href":"https:\/\/yvettemoorlag.ch\/familiencoaching\/index.php?rest_route=\/wp\/v2\/pages\/8\/revisions"}],"predecessor-version":[{"id":178,"href":"https:\/\/yvettemoorlag.ch\/familiencoaching\/index.php?rest_route=\/wp\/v2\/pages\/8\/revisions\/178"}],"wp:attachment":[{"href":"https:\/\/yvettemoorlag.ch\/familiencoaching\/index.php?rest_route=%2Fwp%2Fv2%2Fmedia&parent=8"}],"curies":[{"name":"wp","href":"https:\/\/api.w.org\/{rel}","templated":true}]}}